{"id":2658,"date":"2024-06-13T19:20:51","date_gmt":"2024-06-13T17:20:51","guid":{"rendered":"https:\/\/www.neuklizejto.cz\/?page_id=2658"},"modified":"2024-06-28T17:43:49","modified_gmt":"2024-06-28T15:43:49","slug":"vyklizeni","status":"publish","type":"page","link":"https:\/\/www.neuklizejto.cz\/en\/vyklizeni\/","title":{"rendered":"Vykl\u00edzen\u00ed"},"content":{"rendered":"<div class='breakdance'><section class=\"bde-section-2658-100 bde-section\">\n          \n          \n              \n  \n\t\n\n  <div class=\"section-background-overlay\"><\/div>\n\n\n<div class=\"section-container\"><div class=\"bde-columns-2658-101 bde-columns\"><div class=\"bde-column-2658-102 bde-column\">\n          \n          \n  \n\t\n\n\n\n<h1 class=\"bde-heading-2658-103 bde-heading\">\n          \n          Vykl\u00edzen\u00ed\n         <\/h1><h2 class=\"bde-heading-2658-104 bde-heading\">\n          \n          Odnos n\u00e1bytku, o\u010dista bytu\n         <\/h2><div class=\"bde-button-2658-105 bde-button\">\n          \n              \n                                    \n    \n                    \n            \n            \n\n    \n    \n    <a class=\"breakdance-link  button-atom button-atom--custom bde-button__button\" href=\"https:\/\/www.neuklizejto.cz\/en\/vyklizeni\/#cena\" target=\"_self\" data-type=\"url\"  >\n\n    \n        <span class=\"button-atom__text\">Get price<\/span>\n\n        \n        \n                <\/a>\n\n    \n\n\n         <\/div>\n         <\/div><\/div><\/div>\n         <\/section><section class=\"bde-section-2658-106 bde-section\">\n          \n          \n  \n\t\n\n\n\n<div class=\"section-container\"><h3 class=\"bde-heading-2658-107 bde-heading\">\n          \n          \n         <\/h3><\/div>\n         <\/section><section class=\"bde-section-2658-108 bde-section\">\n          \n          \n  \n\t\n\n\n\n<div class=\"section-container\"><div class=\"bde-rich-text-2658-109 bde-rich-text breakdance-rich-text-styles\">\n          \n          <p>Vykl\u00edzen\u00ed prostor  a\u0165 u\u017e po n\u00e1jemn\u00edc\u00edch nebo po star\u0161\u00edch n\u00e1jemc\u00edch zabere nem\u00e1lo \u010dasu. Je z\u00e1sadn\u00ed pro mo\u017enost dal\u0161\u00edho vyu\u017eit\u00ed bytu. Odstran\u011bn\u00ed ne\u017e\u00e1douc\u00edho n\u00e1bytku, vybaven\u00ed, odpadk\u016f a p\u0159eb\u00fdvaj\u00edc\u00edch drobnost\u00ed. Profesion\u00e1ln\u00ed vykl\u00edzen\u00ed a \u00faklid zajist\u00ed, \u017ee byt \u010di d\u016fm lze bezprobl\u00e9mov\u011b pronaj\u00edmat, p\u0159i\u010dem\u017e se zvedne vzhled bytu a zv\u00fd\u0161\u00ed jeho atraktivita pro z\u00e1jemce, kte\u0159\u00ed maj\u00ed prostor vybavit si prostor vlastn\u00edm n\u00e1bytkem \u010di si jej upravit k obrazu sv\u00e9mu.<\/p><p><strong>Bez ohledu na stav, ve kter\u00e9m se v\u00e1\u0161 prostor nach\u00e1z\u00ed, my se o n\u011bj postar\u00e1me.<\/strong><\/p>\n         <\/div><\/div>\n         <\/section><section class=\"bde-section-2658-138 bde-section\">\n          \n          \n  \n\t\n\n\n\n<div class=\"section-container\"><h3 class=\"bde-heading-2658-139 bde-heading\">\n          \n          \n         <\/h3><\/div>\n         <\/section><section class=\"bde-section-2658-110 bde-section\">\n          \n          \n  \n\t\n\n\n\n<div class=\"section-container\"><div class=\"bde-columns-2658-111 bde-columns\"><div class=\"bde-column-2658-112 bde-column\">\n          \n          \n  \n\t\n\n\n\n<div class=\"bde-icon-list-2658-113 bde-icon-list\">\n          \n          <ul>\n  \n              \n    <li>\n              <div class='bde-icon-list__item-wrapper'>\n      \n      <span class='bde-icon-list__icon'>\n        <svg xmlns=\"http:\/\/www.w3.org\/2000\/svg\" viewbox=\"0 0 512 512\"><!-- Font Awesome Free 5.15.1 by @fontawesome - https:\/\/fontawesome.com License - https:\/\/fontawesome.com\/license\/free (Icons: CC BY 4.0, Fonts: SIL OFL 1.1, Code: MIT License) --><path d=\"M256,8C119,8,8,119,8,256S119,504,256,504,504,393,504,256,393,8,256,8Zm92.49,313h0l-20,25a16,16,0,0,1-22.49,2.5h0l-67-49.72a40,40,0,0,1-15-31.23V112a16,16,0,0,1,16-16h32a16,16,0,0,1,16,16V256l58,42.5A16,16,0,0,1,348.49,321Z\"\/><\/svg>\n      <\/span>\n      <span class='bde-icon-list__text' >\n      Vyklizen\u00ed bytu b\u011bhem 1-2 dn\u016f.\n      <\/span>\n              <\/div>\n      \n    <\/li>\n\n  \n              \n    <li>\n              <div class='bde-icon-list__item-wrapper'>\n      \n      <span class='bde-icon-list__icon'>\n        <svg xmlns=\"http:\/\/www.w3.org\/2000\/svg\" viewbox=\"0 0 512 512\"><!-- Font Awesome Free 5.15.1 by @fontawesome - https:\/\/fontawesome.com License - https:\/\/fontawesome.com\/license\/free (Icons: CC BY 4.0, Fonts: SIL OFL 1.1, Code: MIT License) --><path d=\"M256 8C119.033 8 8 119.033 8 256s111.033 248 248 248 248-111.033 248-248S392.967 8 256 8zm0 48c110.532 0 200 89.451 200 200 0 110.532-89.451 200-200 200-110.532 0-200-89.451-200-200 0-110.532 89.451-200 200-200m140.204 130.267l-22.536-22.718c-4.667-4.705-12.265-4.736-16.97-.068L215.346 303.697l-59.792-60.277c-4.667-4.705-12.265-4.736-16.97-.069l-22.719 22.536c-4.705 4.667-4.736 12.265-.068 16.971l90.781 91.516c4.667 4.705 12.265 4.736 16.97.068l172.589-171.204c4.704-4.668 4.734-12.266.067-16.971z\"\/><\/svg>\n      <\/span>\n      <span class='bde-icon-list__text' >\n      Vykl\u00edz\u00edme i bez v\u00fdtahu\n      <\/span>\n              <\/div>\n      \n    <\/li>\n\n  \n              \n    <li>\n              <div class='bde-icon-list__item-wrapper'>\n      \n      <span class='bde-icon-list__icon'>\n        <svg xmlns=\"http:\/\/www.w3.org\/2000\/svg\" viewbox=\"0 0 448 512\"><!-- Font Awesome Free 5.15.1 by @fontawesome - https:\/\/fontawesome.com License - https:\/\/fontawesome.com\/license\/free (Icons: CC BY 4.0, Fonts: SIL OFL 1.1, Code: MIT License) --><path d=\"M427.84 380.67l-196.5 97.82a18.6 18.6 0 0 1-14.67 0L20.16 380.67c-4-2-4-5.28 0-7.29L67.22 350a18.65 18.65 0 0 1 14.69 0l134.76 67a18.51 18.51 0 0 0 14.67 0l134.76-67a18.62 18.62 0 0 1 14.68 0l47.06 23.43c4.05 1.96 4.05 5.24 0 7.24zm0-136.53l-47.06-23.43a18.62 18.62 0 0 0-14.68 0l-134.76 67.08a18.68 18.68 0 0 1-14.67 0L81.91 220.71a18.65 18.65 0 0 0-14.69 0l-47.06 23.43c-4 2-4 5.29 0 7.31l196.51 97.8a18.6 18.6 0 0 0 14.67 0l196.5-97.8c4.05-2.02 4.05-5.3 0-7.31zM20.16 130.42l196.5 90.29a20.08 20.08 0 0 0 14.67 0l196.51-90.29c4-1.86 4-4.89 0-6.74L231.33 33.4a19.88 19.88 0 0 0-14.67 0l-196.5 90.28c-4.05 1.85-4.05 4.88 0 6.74z\" class=\"a\"\/><\/svg>\n      <\/span>\n      <span class='bde-icon-list__text' >\n      Odvezeme v\u0161e, v\u010detn\u011b nebezpe\u010dn\u00e9ho odpadu.\n      <\/span>\n              <\/div>\n      \n    <\/li>\n\n  \n              \n    <li>\n              <div class='bde-icon-list__item-wrapper'>\n      \n      <span class='bde-icon-list__icon'>\n        <svg xmlns=\"http:\/\/www.w3.org\/2000\/svg\" viewbox=\"0 0 352 512\"><!-- Font Awesome Free 5.15.1 by @fontawesome - https:\/\/fontawesome.com License - https:\/\/fontawesome.com\/license\/free (Icons: CC BY 4.0, Fonts: SIL OFL 1.1, Code: MIT License) --><path d=\"M176 80c-52.94 0-96 43.06-96 96 0 8.84 7.16 16 16 16s16-7.16 16-16c0-35.3 28.72-64 64-64 8.84 0 16-7.16 16-16s-7.16-16-16-16zM96.06 459.17c0 3.15.93 6.22 2.68 8.84l24.51 36.84c2.97 4.46 7.97 7.14 13.32 7.14h78.85c5.36 0 10.36-2.68 13.32-7.14l24.51-36.84c1.74-2.62 2.67-5.7 2.68-8.84l.05-43.18H96.02l.04 43.18zM176 0C73.72 0 0 82.97 0 176c0 44.37 16.45 84.85 43.56 115.78 16.64 18.99 42.74 58.8 52.42 92.16v.06h48v-.12c-.01-4.77-.72-9.51-2.15-14.07-5.59-17.81-22.82-64.77-62.17-109.67-20.54-23.43-31.52-53.15-31.61-84.14-.2-73.64 59.67-128 127.95-128 70.58 0 128 57.42 128 128 0 30.97-11.24 60.85-31.65 84.14-39.11 44.61-56.42 91.47-62.1 109.46a47.507 47.507 0 0 0-2.22 14.3v.1h48v-.05c9.68-33.37 35.78-73.18 52.42-92.16C335.55 260.85 352 220.37 352 176 352 78.8 273.2 0 176 0z\"\/><\/svg>\n      <\/span>\n      <span class='bde-icon-list__text' >\n      Mo\u017enost spojit s malov\u00e1n\u00ed, myt\u00edm oken nebo gener\u00e1ln\u00edm \u00faklidem.\n      <\/span>\n              <\/div>\n      \n    <\/li>\n\n  \n              \n    <li>\n              <div class='bde-icon-list__item-wrapper'>\n      \n      <span class='bde-icon-list__icon'>\n        <svg xmlns=\"http:\/\/www.w3.org\/2000\/svg\" viewbox=\"0 0 512 512\"><!-- Font Awesome Free 5.15.1 by @fontawesome - https:\/\/fontawesome.com License - https:\/\/fontawesome.com\/license\/free (Icons: CC BY 4.0, Fonts: SIL OFL 1.1, Code: MIT License) --><path d=\"M499.99 176h-59.87l-16.64-41.6C406.38 91.63 365.57 64 319.5 64h-127c-46.06 0-86.88 27.63-103.99 70.4L71.87 176H12.01C4.2 176-1.53 183.34.37 190.91l6 24C7.7 220.25 12.5 224 18.01 224h20.07C24.65 235.73 16 252.78 16 272v48c0 16.12 6.16 30.67 16 41.93V416c0 17.67 14.33 32 32 32h32c17.67 0 32-14.33 32-32v-32h256v32c0 17.67 14.33 32 32 32h32c17.67 0 32-14.33 32-32v-54.07c9.84-11.25 16-25.8 16-41.93v-48c0-19.22-8.65-36.27-22.07-48H494c5.51 0 10.31-3.75 11.64-9.09l6-24c1.89-7.57-3.84-14.91-11.65-14.91zm-352.06-17.83c7.29-18.22 24.94-30.17 44.57-30.17h127c19.63 0 37.28 11.95 44.57 30.17L384 208H128l19.93-49.83zM96 319.8c-19.2 0-32-12.76-32-31.9S76.8 256 96 256s48 28.71 48 47.85-28.8 15.95-48 15.95zm320 0c-19.2 0-48 3.19-48-15.95S396.8 256 416 256s32 12.76 32 31.9-12.8 31.9-32 31.9z\"\/><\/svg>\n      <\/span>\n      <span class='bde-icon-list__text' >\n      We will bring all equipment.\n      <\/span>\n              <\/div>\n      \n    <\/li>\n\n  \n              \n    <li>\n              <div class='bde-icon-list__item-wrapper'>\n      \n      <span class='bde-icon-list__icon'>\n        <svg xmlns=\"http:\/\/www.w3.org\/2000\/svg\" viewbox=\"0 0 512 512\"><!-- Font Awesome Free 5.15.1 by @fontawesome - https:\/\/fontawesome.com License - https:\/\/fontawesome.com\/license\/free (Icons: CC BY 4.0, Fonts: SIL OFL 1.1, Code: MIT License) --><path d=\"M32 512h448v-64H32v64zm384-256h-66.56c-16.26 0-29.44-13.18-29.44-29.44v-9.46c0-27.37 8.88-53.41 21.46-77.72 9.11-17.61 12.9-38.39 9.05-60.42-6.77-38.78-38.47-70.7-77.26-77.45C212.62-9.04 160 37.33 160 96c0 14.16 3.12 27.54 8.69 39.58C182.02 164.43 192 194.7 192 226.49v.07c0 16.26-13.18 29.44-29.44 29.44H96c-53.02 0-96 42.98-96 96v32c0 17.67 14.33 32 32 32h448c17.67 0 32-14.33 32-32v-32c0-53.02-42.98-96-96-96z\"\/><\/svg>\n      <\/span>\n      <span class='bde-icon-list__text' >\n      Satisfaction guarantee.\n      <\/span>\n              <\/div>\n      \n    <\/li>\n\n  <\/ul>\n\n         <\/div>\n         <\/div><div class=\"bde-column-2658-114 bde-column\">\n          \n          \n  \n\t\n\n\n\n<div class=\"bde-columns-2658-115 bde-columns\"><div class=\"bde-column-2658-116 bde-column\">\n          \n          \n  \n\t\n\n\n\n<div class=\"bde-div-2658-117 bde-div\">\n          \n          \n  \n\t\n\n\n\n<h2 class=\"bde-heading-2658-118 bde-heading\">\n          \n          Professional equipment\n         <\/h2>\n         <\/div><div class=\"bde-div-2658-119 bde-div\">\n          \n          \n  \n\t\n\n\n\n<div class=\"bde-text-2658-120 bde-text\">\n          \n          S popruhy a\u00a0rudl\u00edkem se vykl\u00edz\u00ed mnohem snadn\u011bji. Nenakupujte vybaven\u00ed, nechte to na n\u00e1s.\n         <\/div>\n         <\/div>\n         <\/div><div class=\"bde-column-2658-121 bde-column\">\n          \n          \n  \n\t\n\n\n\n<div class=\"bde-div-2658-122 bde-div\">\n          \n          \n  \n\t\n\n\n\n<h2 class=\"bde-heading-2658-123 bde-heading\">\n          \n          Our team\n         <\/h2>\n         <\/div><div class=\"bde-div-2658-124 bde-div\">\n          \n          \n  \n\t\n\n\n\n<div class=\"bde-text-2658-125 bde-text\">\n          \n          We have people, who wants to clean. <br>We are ready for all types of seats and even for all types of stains.\n         <\/div>\n         <\/div>\n         <\/div><\/div>\n         <\/div><\/div><\/div>\n         <\/section><section class=\"bde-section-2658-162 bde-section\">\n          \n          \n  \n\t\n\n\n\n<div class=\"section-container\"><h3 class=\"bde-heading-2658-163 bde-heading\">\n          \n          \n         <\/h3><\/div>\n         <\/section><section class=\"bde-section-2658-126 bde-section\">\n          \n          \n  \n\t\n\n\n\n<div class=\"section-container\"><div class=\"bde-columns-2658-127 bde-columns\"><div class=\"bde-column-2658-128 bde-column\">\n          \n          \n  \n\t\n\n\n\n<div class=\"bde-icon-box-2658-129 bde-icon-box\">\n          \n          \n    \n            <div class=\"ee-iconbox-icon breakdance-icon-atom\" >\n    \n                    <svg xmlns=\"http:\/\/www.w3.org\/2000\/svg\" viewbox=\"0 0 320 512\"><!-- Font Awesome Free 5.15.1 by @fontawesome - https:\/\/fontawesome.com License - https:\/\/fontawesome.com\/license\/free (Icons: CC BY 4.0, Fonts: SIL OFL 1.1, Code: MIT License) --><path d=\"M302.189 329.126H196.105l55.831 135.993c3.889 9.428-.555 19.999-9.444 23.999l-49.165 21.427c-9.165 4-19.443-.571-23.332-9.714l-53.053-129.136-86.664 89.138C18.729 472.71 0 463.554 0 447.977V18.299C0 1.899 19.921-6.096 30.277 5.443l284.412 292.542c11.472 11.179 3.007 31.141-12.5 31.141z\"\/><\/svg>\n        \n        \n        \n            <\/div>\n    \n\n<div class=\"ee-iconbox-content\">\n      <h3 class=\"ee-iconbox-title\" >Order<\/h3>\n        <div class=\"ee-iconbox-text\" >Select the service and date and it is necessary to pay 50%, you can pay by card or bank transfer.<\/div>\n    <\/div>\n\n         <\/div>\n         <\/div><div class=\"bde-column-2658-130 bde-column\">\n          \n          \n  \n\t\n\n\n\n<div class=\"bde-icon-box-2658-131 bde-icon-box\">\n          \n          \n    \n            <div class=\"ee-iconbox-icon breakdance-icon-atom\" >\n    \n                    <svg xmlns=\"http:\/\/www.w3.org\/2000\/svg\" viewbox=\"0 0 448 512\"><!-- Font Awesome Free 5.15.1 by @fontawesome - https:\/\/fontawesome.com License - https:\/\/fontawesome.com\/license\/free (Icons: CC BY 4.0, Fonts: SIL OFL 1.1, Code: MIT License) --><path d=\"M436 160H12c-6.627 0-12-5.373-12-12v-36c0-26.51 21.49-48 48-48h48V12c0-6.627 5.373-12 12-12h40c6.627 0 12 5.373 12 12v52h128V12c0-6.627 5.373-12 12-12h40c6.627 0 12 5.373 12 12v52h48c26.51 0 48 21.49 48 48v36c0 6.627-5.373 12-12 12zM12 192h424c6.627 0 12 5.373 12 12v260c0 26.51-21.49 48-48 48H48c-26.51 0-48-21.49-48-48V204c0-6.627 5.373-12 12-12zm333.296 95.947l-28.169-28.398c-4.667-4.705-12.265-4.736-16.97-.068L194.12 364.665l-45.98-46.352c-4.667-4.705-12.266-4.736-16.971-.068l-28.397 28.17c-4.705 4.667-4.736 12.265-.068 16.97l82.601 83.269c4.667 4.705 12.265 4.736 16.97.068l142.953-141.805c4.705-4.667 4.736-12.265.068-16.97z\"\/><\/svg>\n        \n        \n        \n            <\/div>\n    \n\n<div class=\"ee-iconbox-content\">\n      <h3 class=\"ee-iconbox-title\" >Confirmation of term<\/h3>\n        <div class=\"ee-iconbox-text\" >Colleague will confirm the date for you.<\/div>\n    <\/div>\n\n         <\/div>\n         <\/div><div class=\"bde-column-2658-132 bde-column\">\n          \n          \n  \n\t\n\n\n\n<div class=\"bde-icon-box-2658-133 bde-icon-box\">\n          \n          \n    \n            <div class=\"ee-iconbox-icon breakdance-icon-atom\" >\n    \n                    <svg xmlns=\"http:\/\/www.w3.org\/2000\/svg\" viewbox=\"0 0 640 512\"><!-- Font Awesome Free 5.15.1 by @fontawesome - https:\/\/fontawesome.com License - https:\/\/fontawesome.com\/license\/free (Icons: CC BY 4.0, Fonts: SIL OFL 1.1, Code: MIT License) --><path d=\"M256.47 216.77l86.73 109.18s-16.6 102.36-76.57 150.12C206.66 523.85 0 510.19 0 510.19s3.8-23.14 11-55.43l94.62-112.17c3.97-4.7-.87-11.62-6.65-9.5l-60.4 22.09c14.44-41.66 32.72-80.04 54.6-97.47 59.97-47.76 163.3-40.94 163.3-40.94zM636.53 31.03l-19.86-25c-5.49-6.9-15.52-8.05-22.41-2.56l-232.48 177.8-34.14-42.97c-5.09-6.41-15.14-5.21-18.59 2.21l-25.33 54.55 86.73 109.18 58.8-12.45c8-1.69 11.42-11.2 6.34-17.6l-34.09-42.92 232.48-177.8c6.89-5.48 8.04-15.53 2.55-22.44z\"\/><\/svg>\n        \n        \n        \n            <\/div>\n    \n\n<div class=\"ee-iconbox-content\">\n      <h3 class=\"ee-iconbox-title\" >Realization<\/h3>\n        <div class=\"ee-iconbox-text\" >At the indicated time, we will arrive at the agreed place.<\/div>\n    <\/div>\n\n         <\/div>\n         <\/div><div class=\"bde-column-2658-134 bde-column\">\n          \n          \n  \n\t\n\n\n\n<div class=\"bde-icon-box-2658-135 bde-icon-box\">\n          \n          \n    \n            <div class=\"ee-iconbox-icon breakdance-icon-atom\" >\n    \n                    <svg xmlns=\"http:\/\/www.w3.org\/2000\/svg\" viewbox=\"0 0 384 512\"><!-- Font Awesome Free 5.15.1 by @fontawesome - https:\/\/fontawesome.com License - https:\/\/fontawesome.com\/license\/free (Icons: CC BY 4.0, Fonts: SIL OFL 1.1, Code: MIT License) --><path d=\"M358.4 3.2L320 48 265.6 3.2a15.9 15.9 0 0 0-19.2 0L192 48 137.6 3.2a15.9 15.9 0 0 0-19.2 0L64 48 25.6 3.2C15-4.7 0 2.8 0 16v480c0 13.2 15 20.7 25.6 12.8L64 464l54.4 44.8a15.9 15.9 0 0 0 19.2 0L192 464l54.4 44.8a15.9 15.9 0 0 0 19.2 0L320 464l38.4 44.8c10.5 7.9 25.6.4 25.6-12.8V16c0-13.2-15-20.7-25.6-12.8zM320 360c0 4.4-3.6 8-8 8H72c-4.4 0-8-3.6-8-8v-16c0-4.4 3.6-8 8-8h240c4.4 0 8 3.6 8 8v16zm0-96c0 4.4-3.6 8-8 8H72c-4.4 0-8-3.6-8-8v-16c0-4.4 3.6-8 8-8h240c4.4 0 8 3.6 8 8v16zm0-96c0 4.4-3.6 8-8 8H72c-4.4 0-8-3.6-8-8v-16c0-4.4 3.6-8 8-8h240c4.4 0 8 3.6 8 8v16z\"\/><\/svg>\n        \n        \n        \n            <\/div>\n    \n\n<div class=\"ee-iconbox-content\">\n      <h3 class=\"ee-iconbox-title\" >Billing<\/h3>\n        <div class=\"ee-iconbox-text\" >Podle re\u00e1ln\u011b odpracovan\u00e9ho \u010dasu a slu\u017eeb provedeme z\u00fa\u010dtov\u00e1n\u00ed.<\/div>\n    <\/div>\n\n         <\/div>\n         <\/div><\/div><\/div>\n         <\/section><section class=\"bde-section-2658-144 bde-section\">\n          \n          \n  \n\t\n\n\n\n<div class=\"section-container\"><h3 class=\"bde-heading-2658-145 bde-heading\">\n          \n          \n         <\/h3><div id=\"cena\" class=\"bde-div-2658-146 bde-div\">\n          \n          \n              \n  \n\t\n\n  <div class=\"section-background-overlay\"><\/div>\n\n\n<div class=\"bde-text-2658-147 bde-text\">\n          \n          Price of services:\n         <\/div>\n         <\/div><\/div>\n         <\/section><section class=\"bde-section-2658-148 bde-section\">\n          \n          \n  \n\t\n\n\n\n<div class=\"section-container\"><div class=\"bde-rich-text-2658-149 bde-rich-text breakdance-rich-text-styles\">\n          \n          <p>Prices for individual services are not yet listed here in the e-shop.<\/p>\n\n<table style=\"width:500px;max-width: 100%\">\n  <tr style='height:35px'>\n    <th style=\"width:60%\">Vykl\u00edzen\u00ed <\/th>\n    <th style=\"width:40%\">od 700 K\u010d\/m3<\/th>\n  <\/tr>\n  <tr style='height:35px'>\n    <th style=\"width:60%\">Odvoz odpadu<\/th>\n    <th style=\"width:40%\">individ\u00e1ln\u011b<\/th>\n  <\/tr>\n<\/table>\n<br>\n\nNace\u0148ujeme individu\u00e1ln\u011b dle rozsahu v\u00e1hy nabytku, dle patra a zda je k dispozici v\u00fdtah<br>\n<br>Pros\u00edm kontaktujte kolegyni a p\u0159iprav\u00edme V\u00e1m cenovou nab\u00eddku na m\u00edru.<\/p>\n         <\/div><\/div>\n         <\/section><section class=\"bde-section-2658-152 bde-section\">\n          \n          \n  \n\t\n\n\n\n        <div class=\"section-shape-divider-wrapper section-shape-divider-wrapper--1\">\n          <span class=\"section-shape-divider\">\n                      <svg\n                xmlns=\"http:\/\/www.w3.org\/2000\/svg\"\n                viewbox=\"0 0 1440 320\"\n                preserveaspectratio=\"none\"\n            >\n              <path fill=\"currentColor\" fill-opacity=\"1\" d=\"M0,128L720,288L1440,64L1440,320L720,320L0,320Z\"><\/path>\n            <\/svg>\n                    <\/span>\n      <\/div>\n  <div class=\"section-container\"><div class=\"bde-button-2658-153 bde-button\">\n          \n              \n                                    \n    \n                    \n            \n            \n\n    \n    \n    <a class=\"breakdance-link  button-atom button-atom--secondary bde-button__button\" href=\"https:\/\/www.neuklizejto.cz\/en\/objednavka\/\" target=\"_self\" data-type=\"url\"  >\n\n    \n        <span class=\"button-atom__text\">You can find all the services for your space here.<\/span>\n\n        \n        \n                <\/a>\n\n    \n\n\n         <\/div><\/div>\n         <\/section><section class=\"bde-section-2658-154 bde-section\">\n          \n          \n  \n\t\n\n\n\n<div class=\"section-container\"><div class=\"bde-columns-2658-155 bde-columns\"><div class=\"bde-column-2658-156 bde-column\">\n          \n          \n  \n\t\n\n\n\n<div class=\"bde-image-2658-157 bde-image\">\n          \n            \n\n\n\n\n\n<figure class=\"breakdance-image breakdance-image--1915\">\n\t<div class=\"breakdance-image-container\">\n\t\t<div class=\"breakdance-image-clip\">\n\t\t\t\n\t\t\t\t\n\t\t\t\t\t      \n  \n  \n  \n  \n      \n      <img loading=\"lazy\" decoding=\"async\"\n      class=\"breakdance-image-object\"\n      src=\"https:\/\/www.neuklizejto.cz\/wp-content\/uploads\/2023\/11\/myti_oken_praha-300x297.png\"\n      width=\"300\"\n      height=\"297\"\n      \n      \n              srcset=\"https:\/\/www.neuklizejto.cz\/wp-content\/uploads\/2023\/11\/myti_oken_praha-300x297.png 300w, https:\/\/www.neuklizejto.cz\/wp-content\/uploads\/2023\/11\/myti_oken_praha-150x149.png 150w, https:\/\/www.neuklizejto.cz\/wp-content\/uploads\/2023\/11\/myti_oken_praha-100x100.png 100w, https:\/\/www.neuklizejto.cz\/wp-content\/uploads\/2023\/11\/myti_oken_praha.png 351w\"\n              sizes=\"auto, (max-width: 300px) 100vw, 300px\"\n          >\n  \n\n\t\t\t\t\t\n\t\t\t\t\t\t<\/div>\n\t<\/div>\n\n\t<\/figure>\n\n         <\/div>\n         <\/div><div class=\"bde-column-2658-158 bde-column\">\n          \n          \n  \n\t\n\n\n\n<h3 class=\"bde-heading-2658-159 bde-heading\">\n          \n          Arrange a term for yourself today\n         <\/h3><div class=\"bde-text-2658-160 bde-text\">\n          \n          Order on website or phone number:\n         <\/div><div class=\"bde-icon-list-2658-161 bde-icon-list\">\n          \n          <ul>\n  \n              \n    <li>\n              <div class='bde-icon-list__item-wrapper'>\n      \n      <span class='bde-icon-list__icon'>\n        <svg xmlns=\"http:\/\/www.w3.org\/2000\/svg\" viewbox=\"0 0 512 512\"><!-- Font Awesome Free 5.15.1 by @fontawesome - https:\/\/fontawesome.com License - https:\/\/fontawesome.com\/license\/free (Icons: CC BY 4.0, Fonts: SIL OFL 1.1, Code: MIT License) --><path d=\"M497.39 361.8l-112-48a24 24 0 0 0-28 6.9l-49.6 60.6A370.66 370.66 0 0 1 130.6 204.11l60.6-49.6a23.94 23.94 0 0 0 6.9-28l-48-112A24.16 24.16 0 0 0 122.6.61l-104 24A24 24 0 0 0 0 48c0 256.5 207.9 464 464 464a24 24 0 0 0 23.4-18.6l24-104a24.29 24.29 0 0 0-14.01-27.6z\"\/><\/svg>\n      <\/span>\n      <span class='bde-icon-list__text' >\n      +420 770 680 086\n      <\/span>\n              <\/div>\n      \n    <\/li>\n\n  <\/ul>\n\n         <\/div>\n         <\/div><\/div><\/div>\n         <\/section><\/div>","protected":false},"excerpt":{"rendered":"","protected":false},"author":1,"featured_media":0,"parent":0,"menu_order":0,"comment_status":"closed","ping_status":"closed","template":"","meta":{"om_disable_all_campaigns":false,"_monsterinsights_skip_tracking":false,"_monsterinsights_sitenote_active":false,"_monsterinsights_sitenote_note":"","_monsterinsights_sitenote_category":0,"_uf_show_specific_survey":0,"_uf_disable_surveys":false,"_breakdance_hide_in_design_set":false,"_breakdance_tags":"","footnotes":""},"class_list":["post-2658","page","type-page","status-publish","hentry"],"aioseo_notices":[],"_links":{"self":[{"href":"https:\/\/www.neuklizejto.cz\/en\/wp-json\/wp\/v2\/pages\/2658","targetHints":{"allow":["GET"]}}],"collection":[{"href":"https:\/\/www.neuklizejto.cz\/en\/wp-json\/wp\/v2\/pages"}],"about":[{"href":"https:\/\/www.neuklizejto.cz\/en\/wp-json\/wp\/v2\/types\/page"}],"author":[{"embeddable":true,"href":"https:\/\/www.neuklizejto.cz\/en\/wp-json\/wp\/v2\/users\/1"}],"replies":[{"embeddable":true,"href":"https:\/\/www.neuklizejto.cz\/en\/wp-json\/wp\/v2\/comments?post=2658"}],"version-history":[{"count":11,"href":"https:\/\/www.neuklizejto.cz\/en\/wp-json\/wp\/v2\/pages\/2658\/revisions"}],"predecessor-version":[{"id":2692,"href":"https:\/\/www.neuklizejto.cz\/en\/wp-json\/wp\/v2\/pages\/2658\/revisions\/2692"}],"wp:attachment":[{"href":"https:\/\/www.neuklizejto.cz\/en\/wp-json\/wp\/v2\/media?parent=2658"}],"curies":[{"name":"wp","href":"https:\/\/api.w.org\/{rel}","templated":true}]}}