{"id":3482,"date":"2025-12-02T23:09:52","date_gmt":"2025-12-02T22:09:52","guid":{"rendered":"https:\/\/www.neuklizejto.cz\/?page_id=3482"},"modified":"2025-12-02T23:16:32","modified_gmt":"2025-12-02T22:16:32","slug":"generalni-uklid","status":"publish","type":"page","link":"https:\/\/www.neuklizejto.cz\/en\/generalni-uklid\/","title":{"rendered":"General cleaning"},"content":{"rendered":"<div class='breakdance'><section class=\"bde-section-3482-100 bde-section\">\n          \n          \n              \n  \n\t\n\n  <div class=\"section-background-overlay\"><\/div>\n\n\n<div class=\"section-container\"><div class=\"bde-columns-3482-101 bde-columns\"><div class=\"bde-column-3482-102 bde-column\">\n          \n          \n  \n\t\n\n\n\n<h1 class=\"bde-heading-3482-103 bde-heading\">\n          \n          Gener\u00e1ln\u00ed \u00faklid\n         <\/h1>\n         <\/div><\/div><h2 class=\"bde-heading-3482-113 bde-heading\">\n          \n          Chcete kompletn\u00ed \u00faklid dom\u00e1cnosti v\u010detn\u011b oken nebo \u010di\u0161t\u011bn\u00ed koberc\u016f a \u010daloun\u011bn\u00ed?<br>Sta\u010d\u00ed za\u0161krtnout slu\u017eby, o kter\u00e9 m\u00e1te z\u00e1jem.<br>Postar\u00e1me se o nacen\u011bn\u00ed, domluvu term\u00ednu i cel\u00fd pr\u016fb\u011bh.\n         <\/h2><div class=\"bde-div-3482-128 bde-div\">\n          \n          \n  \n\t\n\n\n\n<div class=\"bde-rich-text-3482-127 bde-rich-text breakdance-rich-text-styles\">\n          \n          <h5>\u2714 Rychl\u00e1 popt\u00e1vka<\/h5><p>Sta\u010d\u00ed p\u00e1r klik\u016f. Detaily s v\u00e1mi dolad\u00edme telefonicky nebo e-mailem.<\/p><h5>\u2714 P\u0159esn\u00e1 cena<\/h5><p>Po\u0161lete nebo zavolejte n\u00e1m podrobnosti a cena je hned jasn\u00e1.<\/p><h5>\u2714 V\u0161e na jednom m\u00edst\u011b<\/h5><p>Gener\u00e1ln\u00ed \u00faklid, myt\u00ed oken, koberce i seda\u010dky \u2013 jeden t\u00fdm, jeden term\u00edn.<\/p><h5>\u2714 Flexibiln\u00ed term\u00edny<\/h5><p>P\u0159izp\u016fsob\u00edme se va\u0161emu \u010dasu. Pracujeme i o v\u00edkendech.<\/p><h5>\u2714 Kvalitn\u00ed v\u00fdsledky<\/h5><p>Profesion\u00e1ln\u00ed p\u0159\u00edpravky, stroje a jasn\u00fd postup \u00faklidu.<\/p>\n         <\/div>\n         <\/div><\/div>\n         <\/section><section class=\"bde-section-3482-108 bde-section\">\n          \n          \n  \n\t\n\n\n\n<div class=\"section-container\"><h3 class=\"bde-heading-3482-109 bde-heading\">\n          \n          \n         <\/h3><\/div>\n         <\/section><section class=\"bde-section-3482-106 bde-section\">\n          \n          \n  \n\t\n\n\n\n<div class=\"section-container\"><div class=\"bde-form-builder-3482-112 bde-form-builder\">\n          \n          \n          \n          \n<form id=\"contact-form112\" class=\"breakdance-form breakdance-form--vertical \" data-options=\"{&quot;slug&quot;:&quot;custom&quot;,&quot;name&quot;:&quot;Contact Form&quot;,&quot;ajaxUrl&quot;:&quot;https:\\\/\\\/www.neuklizejto.cz\\\/wp-admin\\\/admin-ajax.php&quot;,&quot;clearOnSuccess&quot;:true,&quot;hideOnSuccess&quot;:false,&quot;successMessage&quot;:&quot;Va\\u0161e zpr\\u00e1va byla odesl\\u00e1na.&quot;,&quot;errorMessage&quot;:&quot;N\\u011bco nefunguje.&quot;,&quot;redirect&quot;:null,&quot;redirectUrl&quot;:null,&quot;customJavaScript&quot;:null,&quot;recaptcha&quot;:{&quot;key&quot;:&quot;&quot;,&quot;enabled&quot;:null},&quot;honeypot_enabled&quot;:null,&quot;popupsOnSuccess&quot;:[],&quot;popupsOnError&quot;:[]}\" data-steps=\"0\" >\n  \n  \n  \n          \n          <div class=\"breakdance-form-field breakdance-form-field--text\" >\n    \n            <label class=\"breakdance-form-field__label\" for=\"name\">\n            Jm\u00e9no<span class=\"breakdance-form-field__required\">*<\/span><\/span>\n        <\/label>\n    \n    <input\n    class=\"breakdance-form-field__input\"\n    id=\"name\"\n    aria-describedby=\"name\"\n    type=\"text\"\n    name=\"fields[name]\"\n    placeholder=\"\"\n    value=\"\"\n        \n    \n    \n    required\n    \n    \n>\n\n\n    \n    \n<\/div>\n\n         \n          \n          <div class=\"breakdance-form-field breakdance-form-field--tel\" >\n    \n            <label class=\"breakdance-form-field__label\" for=\"hxcutr\">\n            Telefon<span class=\"breakdance-form-field__required\">*<\/span><\/span>\n        <\/label>\n    \n    <input\n    class=\"breakdance-form-field__input\"\n    id=\"hxcutr\"\n    aria-describedby=\"hxcutr\"\n    type=\"tel\"\n    name=\"fields[hxcutr]\"\n    placeholder=\"\"\n    value=\"\"\n        \n    \n    \n    required\n    \n    \n>\n\n\n    \n    \n<\/div>\n\n         \n          \n          <div class=\"breakdance-form-field breakdance-form-field--email\" >\n    \n            <label class=\"breakdance-form-field__label\" for=\"email\">\n            Email<span class=\"breakdance-form-field__required\">*<\/span><\/span>\n        <\/label>\n    \n    <input\n    class=\"breakdance-form-field__input\"\n    id=\"email\"\n    aria-describedby=\"email\"\n    type=\"email\"\n    name=\"fields[email]\"\n    placeholder=\"\"\n    value=\"\"\n        \n    \n    \n    required\n    \n    \n>\n\n\n    \n    \n<\/div>\n\n         \n          \n          <div class=\"breakdance-form-field breakdance-form-field--checkbox\" >\n    \n            <label class=\"breakdance-form-field__label\" for=\"xgsgjn\">\n            Slu\u017eby<\/span>\n        <\/label>\n    \n        <div class=\"breakdance-form-checkbox\">\n        <input\n            type=\"checkbox\"\n            name=\"fields[xgsgjn][]\"\n            value=\"Gener\u00e1ln\u00ed \u00faklid\"\n            id=\"xgsgjn-1\"\n            \n                    >\n        <label class=\"breakdance-form-checkbox__text\" for=\"xgsgjn-1\">Gener\u00e1ln\u00ed \u00faklid<\/label>\n    <\/div>\n    <div class=\"breakdance-form-checkbox\">\n        <input\n            type=\"checkbox\"\n            name=\"fields[xgsgjn][]\"\n            value=\"Myt\u00ed oken\"\n            id=\"xgsgjn-2\"\n            \n                    >\n        <label class=\"breakdance-form-checkbox__text\" for=\"xgsgjn-2\">Myt\u00ed oken<\/label>\n    <\/div>\n    <div class=\"breakdance-form-checkbox\">\n        <input\n            type=\"checkbox\"\n            name=\"fields[xgsgjn][]\"\n            value=\"\u010ci\u0161t\u011bn\u00ed koberc\u016f\"\n            id=\"xgsgjn-3\"\n            \n                    >\n        <label class=\"breakdance-form-checkbox__text\" for=\"xgsgjn-3\">\u010ci\u0161t\u011bn\u00ed koberc\u016f<\/label>\n    <\/div>\n\n\n    \n    \n<\/div>\n\n         \n          \n          <div class=\"breakdance-form-field breakdance-form-field--textarea\" >\n    \n            <label class=\"breakdance-form-field__label\" for=\"message\">\n            Zpr\u00e1va<span class=\"breakdance-form-field__required\">*<\/span><\/span>\n        <\/label>\n    \n    <textarea\n    class=\"breakdance-form-field__input\"\n    id=\"message\"\n    aria-describedby=\"message\"\n    type=\"textarea\"\n    name=\"fields[message]\"\n        placeholder=\"\"\n    required\n    >\n<\/textarea>\n\n\n    \n    \n<\/div>\n\n         \n          \n          <div class=\"breakdance-form-field breakdance-form-field--radio\" >\n    \n            <label class=\"breakdance-form-field__label\" for=\"awxgjk\">\n            Chci kontaktovat<\/span>\n        <\/label>\n    \n        <div class=\"breakdance-form-radio\">\n        <input\n            type=\"radio\"\n            name=\"fields[awxgjk][]\"\n            value=\"Volat dopoledne\"\n            id=\"awxgjk-1\"\n            \n            \n                    >\n        <label class=\"breakdance-form-radio__text\" for=\"awxgjk-1\">Volat dopoledne<\/label>\n    <\/div>\n    <div class=\"breakdance-form-radio\">\n        <input\n            type=\"radio\"\n            name=\"fields[awxgjk][]\"\n            value=\"Volat opoledne\"\n            id=\"awxgjk-2\"\n            \n            \n                    >\n        <label class=\"breakdance-form-radio__text\" for=\"awxgjk-2\">Volat opoledne<\/label>\n    <\/div>\n    <div class=\"breakdance-form-radio\">\n        <input\n            type=\"radio\"\n            name=\"fields[awxgjk][]\"\n            value=\"Volat ve\u010der\"\n            id=\"awxgjk-3\"\n            \n            \n                    >\n        <label class=\"breakdance-form-radio__text\" for=\"awxgjk-3\">Volat ve\u010der<\/label>\n    <\/div>\n    <div class=\"breakdance-form-radio\">\n        <input\n            type=\"radio\"\n            name=\"fields[awxgjk][]\"\n            value=\"Po emailu\"\n            id=\"awxgjk-4\"\n            \n            \n                    >\n        <label class=\"breakdance-form-radio__text\" for=\"awxgjk-4\">Po emailu<\/label>\n    <\/div>\n\n\n    \n    \n<\/div>\n\n         \n  \n\n<footer class=\"breakdance-form-field breakdance-form-footer\">\n    \n    \n                                    \n    \n            <button type=\"submit\" class=\"button-atom button-atom--primary breakdance-form-button breakdance-form-button__submit\" >\n    \n        <span class=\"button-atom__text\">Odeslat<\/span>\n\n        \n        \n            <\/button>\n    \n    <input type=\"hidden\" name=\"form_id\" value=\"112\">\n    <input type=\"hidden\" name=\"post_id\" value=\"3482\">\n<\/footer>\n\n  \n<\/form>\n\n         \n\n         <\/div><\/div>\n         <\/section><section class=\"bde-section-3482-115 bde-section\">\n          \n          \n  \n\t\n\n\n\n<div class=\"section-container\"><div class=\"bde-columns-3482-116 bde-columns\"><div class=\"bde-column-3482-117 bde-column\">\n          \n          \n  \n\t\n\n\n\n<div class=\"bde-icon-box-3482-118 bde-icon-box\">\n          \n          \n    \n            <div class=\"ee-iconbox-icon breakdance-icon-atom\" >\n    \n                    <svg xmlns=\"http:\/\/www.w3.org\/2000\/svg\" viewBox=\"0 0 320 512\"><!-- Font Awesome Free 5.15.1 by @fontawesome - https:\/\/fontawesome.com License - https:\/\/fontawesome.com\/license\/free (Icons: CC BY 4.0, Fonts: SIL OFL 1.1, Code: MIT License) --><path d=\"M302.189 329.126H196.105l55.831 135.993c3.889 9.428-.555 19.999-9.444 23.999l-49.165 21.427c-9.165 4-19.443-.571-23.332-9.714l-53.053-129.136-86.664 89.138C18.729 472.71 0 463.554 0 447.977V18.299C0 1.899 19.921-6.096 30.277 5.443l284.412 292.542c11.472 11.179 3.007 31.141-12.5 31.141z\"\/><\/svg>\n        \n        \n        \n            <\/div>\n    \n\n<div class=\"ee-iconbox-content\">\n      <h3 class=\"ee-iconbox-title\" >Objedn\u00e1vka<\/h3>\n        <div class=\"ee-iconbox-text\" >Vyberete slu\u017eby a ode\u0161lete popt\u00e1vku.<\/div>\n    <\/div>\n\n         <\/div>\n         <\/div><div class=\"bde-column-3482-119 bde-column\">\n          \n          \n  \n\t\n\n\n\n<div class=\"bde-icon-box-3482-120 bde-icon-box\">\n          \n          \n    \n            <div class=\"ee-iconbox-icon breakdance-icon-atom\" >\n    \n                    <svg xmlns=\"http:\/\/www.w3.org\/2000\/svg\" viewBox=\"0 0 512 512\"><!-- Font Awesome Free 5.15.1 by @fontawesome - https:\/\/fontawesome.com License - https:\/\/fontawesome.com\/license\/free (Icons: CC BY 4.0, Fonts: SIL OFL 1.1, Code: MIT License) --><path d=\"M497.39 361.8l-112-48a24 24 0 0 0-28 6.9l-49.6 60.6A370.66 370.66 0 0 1 130.6 204.11l60.6-49.6a23.94 23.94 0 0 0 6.9-28l-48-112A24.16 24.16 0 0 0 122.6.61l-104 24A24 24 0 0 0 0 48c0 256.5 207.9 464 464 464a24 24 0 0 0 23.4-18.6l24-104a24.29 24.29 0 0 0-14.01-27.6z\"\/><\/svg>\n        \n        \n        \n            <\/div>\n    \n\n<div class=\"ee-iconbox-content\">\n      <h3 class=\"ee-iconbox-title\" >Spoj\u00edme se<\/h3>\n        <div class=\"ee-iconbox-text\" >Zavol\u00e1me nebo nap\u00ed\u0161eme podle va\u0161\u00ed preference.<\/div>\n    <\/div>\n\n         <\/div>\n         <\/div><div class=\"bde-column-3482-121 bde-column\">\n          \n          \n  \n\t\n\n\n\n<div class=\"bde-icon-box-3482-122 bde-icon-box\">\n          \n          \n    \n            <div class=\"ee-iconbox-icon breakdance-icon-atom\" >\n    \n                    <svg xmlns=\"http:\/\/www.w3.org\/2000\/svg\" id=\"icon-price-tag\" viewBox=\"0 0 32 32\">\n<path d=\"M30.5 0h-12c-0.825 0-1.977 0.477-2.561 1.061l-14.879 14.879c-0.583 0.583-0.583 1.538 0 2.121l12.879 12.879c0.583 0.583 1.538 0.583 2.121 0l14.879-14.879c0.583-0.583 1.061-1.736 1.061-2.561v-12c0-0.825-0.675-1.5-1.5-1.5zM23 12c-1.657 0-3-1.343-3-3s1.343-3 3-3 3 1.343 3 3-1.343 3-3 3z\"\/>\n<\/svg>\n        \n        \n        \n            <\/div>\n    \n\n<div class=\"ee-iconbox-content\">\n      <h3 class=\"ee-iconbox-title\" >Kalkulace<\/h3>\n        <div class=\"ee-iconbox-text\" >Podle fotek nebo kr\u00e1tk\u00e9ho popisu p\u0159iprav\u00edme p\u0159esnou cenu.<\/div>\n    <\/div>\n\n         <\/div>\n         <\/div><div class=\"bde-column-3482-123 bde-column\">\n          \n          \n  \n\t\n\n\n\n<div class=\"bde-icon-box-3482-124 bde-icon-box\">\n          \n          \n    \n            <div class=\"ee-iconbox-icon breakdance-icon-atom\" >\n    \n                    <svg xmlns=\"http:\/\/www.w3.org\/2000\/svg\" viewBox=\"0 0 448 512\"><!-- Font Awesome Free 5.15.1 by @fontawesome - https:\/\/fontawesome.com License - https:\/\/fontawesome.com\/license\/free (Icons: CC BY 4.0, Fonts: SIL OFL 1.1, Code: MIT License) --><path d=\"M0 464c0 26.5 21.5 48 48 48h352c26.5 0 48-21.5 48-48V192H0v272zm320-196c0-6.6 5.4-12 12-12h40c6.6 0 12 5.4 12 12v40c0 6.6-5.4 12-12 12h-40c-6.6 0-12-5.4-12-12v-40zm0 128c0-6.6 5.4-12 12-12h40c6.6 0 12 5.4 12 12v40c0 6.6-5.4 12-12 12h-40c-6.6 0-12-5.4-12-12v-40zM192 268c0-6.6 5.4-12 12-12h40c6.6 0 12 5.4 12 12v40c0 6.6-5.4 12-12 12h-40c-6.6 0-12-5.4-12-12v-40zm0 128c0-6.6 5.4-12 12-12h40c6.6 0 12 5.4 12 12v40c0 6.6-5.4 12-12 12h-40c-6.6 0-12-5.4-12-12v-40zM64 268c0-6.6 5.4-12 12-12h40c6.6 0 12 5.4 12 12v40c0 6.6-5.4 12-12 12H76c-6.6 0-12-5.4-12-12v-40zm0 128c0-6.6 5.4-12 12-12h40c6.6 0 12 5.4 12 12v40c0 6.6-5.4 12-12 12H76c-6.6 0-12-5.4-12-12v-40zM400 64h-48V16c0-8.8-7.2-16-16-16h-32c-8.8 0-16 7.2-16 16v48H160V16c0-8.8-7.2-16-16-16h-32c-8.8 0-16 7.2-16 16v48H48C21.5 64 0 85.5 0 112v48h448v-48c0-26.5-21.5-48-48-48z\"\/><\/svg>\n        \n        \n        \n            <\/div>\n    \n\n<div class=\"ee-iconbox-content\">\n      <h3 class=\"ee-iconbox-title\" >Term\u00edn<\/h3>\n        <div class=\"ee-iconbox-text\" >Dohodneme term\u00edn.<\/div>\n    <\/div>\n\n         <\/div>\n         <\/div><\/div><\/div>\n         <\/section><section class=\"bde-section-3482-125 bde-section\">\n          \n          \n  \n\t\n\n\n\n<div class=\"section-container\"><div class=\"bde-rich-text-3482-126 bde-rich-text breakdance-rich-text-styles\">\n          \n          <h3>\ud83e\uddfc Co se stane po odesl\u00e1n\u00ed formul\u00e1\u0159e<\/h3><ol><li><p>Ozveme se do 24 hodin.<\/p><\/li><li><p>Up\u0159esn\u00edme cenu a term\u00edn.<\/p><\/li><li><p>Potvrd\u00edme zak\u00e1zku.<\/p><\/li><li><p>P\u0159ijedeme a uklid\u00edme podle domluvy.<\/p><\/li><\/ol>\n         <\/div><\/div>\n         <\/section><\/div>","protected":false},"excerpt":{"rendered":"","protected":false},"author":1,"featured_media":0,"parent":0,"menu_order":0,"comment_status":"closed","ping_status":"closed","template":"","meta":{"om_disable_all_campaigns":false,"_monsterinsights_skip_tracking":false,"_monsterinsights_sitenote_active":false,"_monsterinsights_sitenote_note":"","_monsterinsights_sitenote_category":0,"_uf_show_specific_survey":0,"_uf_disable_surveys":false,"_breakdance_hide_in_design_set":false,"_breakdance_tags":"","footnotes":""},"class_list":["post-3482","page","type-page","status-publish","hentry"],"aioseo_notices":[],"_links":{"self":[{"href":"https:\/\/www.neuklizejto.cz\/en\/wp-json\/wp\/v2\/pages\/3482","targetHints":{"allow":["GET"]}}],"collection":[{"href":"https:\/\/www.neuklizejto.cz\/en\/wp-json\/wp\/v2\/pages"}],"about":[{"href":"https:\/\/www.neuklizejto.cz\/en\/wp-json\/wp\/v2\/types\/page"}],"author":[{"embeddable":true,"href":"https:\/\/www.neuklizejto.cz\/en\/wp-json\/wp\/v2\/users\/1"}],"replies":[{"embeddable":true,"href":"https:\/\/www.neuklizejto.cz\/en\/wp-json\/wp\/v2\/comments?post=3482"}],"version-history":[{"count":16,"href":"https:\/\/www.neuklizejto.cz\/en\/wp-json\/wp\/v2\/pages\/3482\/revisions"}],"predecessor-version":[{"id":3498,"href":"https:\/\/www.neuklizejto.cz\/en\/wp-json\/wp\/v2\/pages\/3482\/revisions\/3498"}],"wp:attachment":[{"href":"https:\/\/www.neuklizejto.cz\/en\/wp-json\/wp\/v2\/media?parent=3482"}],"curies":[{"name":"wp","href":"https:\/\/api.w.org\/{rel}","templated":true}]}}