{"id":1346,"date":"2023-09-17T22:17:44","date_gmt":"2023-09-17T20:17:44","guid":{"rendered":"https:\/\/www.neuklizejto.cz\/?post_type=product&#038;p=1346"},"modified":"2025-01-07T10:44:25","modified_gmt":"2025-01-07T09:44:25","slug":"cisteni-interieru-automobilu-vysati-a-otreni-ploch","status":"publish","type":"product","link":"https:\/\/www.neuklizejto.cz\/en\/obchod\/cisteni-interieru-automobilu-vysati-a-otreni-ploch\/","title":{"rendered":"Car Interior Cleaning \u2013 Vacuuming and Wiping Surfaces"},"content":{"rendered":"<p>Basic treatment of the car interior with cleaning<\/p>\n<ol>\n<li><strong>Garbage removal and storage of personal belongings<\/strong><\/li>\n<li><strong>Vacuuming the interior:<\/strong>\n<ul>\n<li>Vacuuming the floor, seats and compartments<\/li>\n<\/ul>\n<\/li>\n<li><strong>Vacuuming rugs<\/strong><\/li>\n<li><strong>Cleaning plastic surfaces<\/strong>\n<ul>\n<li>dashboard<\/li>\n<li>doors<\/li>\n<li>Storage areas<\/li>\n<li>steering wheel, paddle shifters, buttons.<\/li>\n<\/ul>\n<\/li>\n<li><strong>Cleaning windows and mirrors<\/strong><\/li>\n<li><strong>Wipe the seats<\/strong><\/li>\n<\/ol>\n<p>Mal\u00e9 auto &#8211; 3dve\u0159ov\u00e1 auta<\/p>\n<p><span data-tt=\"{&quot;paragraphStyle&quot;:{&quot;alignment&quot;:4,&quot;writingDirection&quot;:1}}\">St\u0159edn\u00ed auto &#8211; kombi<\/span><\/p>\n<p><span data-tt=\"{&quot;paragraphStyle&quot;:{&quot;alignment&quot;:4,&quot;writingDirection&quot;:1}}\">Velk\u00e9 auto &#8211; SUV, dod\u00e1vka<\/span><\/p>\n<p>Ve Vlkov\u011b 35 \u010dist\u00edme pouze men\u0161\u00ed, st\u0159edn\u00ed auta &#8211; m\u00e1me mal\u00fd vjezd.<\/p>\n<p>We will be happy to clean your car at your address, either at your home or at work. Please include the cleaning address in the note.<\/p>","protected":false},"excerpt":{"rendered":"<p>Z\u00e1kladn\u00ed o\u0161et\u0159en\u00ed interi\u00e9ru automobilu s tepov\u00e1n\u00edm Odstran\u011bn\u00ed odpadk\u016f a ulo\u017een\u00ed osobn\u00edch v\u011bc\u00ed Vys\u00e1t\u00ed interi\u00e9ru: vys\u00e1v\u00e1n\u00ed\u00a0 podlahy, sedadel a p\u0159ihr\u00e1dek Vys\u00e1t\u00ed kobere\u010dk\u016f \u010ci\u0161t\u011bn\u00ed plastov\u00fdch povrch\u016f palubn\u00ed deska dve\u0159e odkl\u00e1dac\u00ed plochy volant, p\u00e1\u010dky \u0159azen\u00ed, tla\u010d\u00edtka. \u010ci\u0161t\u011bn\u00ed oken a zrc\u00e1tek Ot\u0159en\u00ed sedadel Mal\u00e9 auto &#8211; 3dve\u0159ov\u00e1 auta St\u0159edn\u00ed auto &#8211; kombi Velk\u00e9 auto &#8211; SUV, dod\u00e1vka Ve Vlkov\u011b [&hellip;]<\/p>\n","protected":false},"featured_media":2332,"template":"","meta":{"om_disable_all_campaigns":false,"_monsterinsights_skip_tracking":false,"_monsterinsights_sitenote_active":false,"_monsterinsights_sitenote_note":"","_monsterinsights_sitenote_category":0,"_uf_show_specific_survey":0,"_uf_disable_surveys":false},"product_brand":[],"product_cat":[42],"product_tag":[],"class_list":{"0":"post-1346","1":"product","2":"type-product","3":"status-publish","4":"has-post-thumbnail","6":"product_cat-cisteni-automobilu","8":"first","9":"instock","10":"taxable","11":"shipping-taxable","12":"purchasable","13":"product-type-variable"},"aioseo_notices":[],"_links":{"self":[{"href":"https:\/\/www.neuklizejto.cz\/en\/wp-json\/wp\/v2\/product\/1346","targetHints":{"allow":["GET"]}}],"collection":[{"href":"https:\/\/www.neuklizejto.cz\/en\/wp-json\/wp\/v2\/product"}],"about":[{"href":"https:\/\/www.neuklizejto.cz\/en\/wp-json\/wp\/v2\/types\/product"}],"wp:featuredmedia":[{"embeddable":true,"href":"https:\/\/www.neuklizejto.cz\/en\/wp-json\/wp\/v2\/media\/2332"}],"wp:attachment":[{"href":"https:\/\/www.neuklizejto.cz\/en\/wp-json\/wp\/v2\/media?parent=1346"}],"wp:term":[{"taxonomy":"product_brand","embeddable":true,"href":"https:\/\/www.neuklizejto.cz\/en\/wp-json\/wp\/v2\/product_brand?post=1346"},{"taxonomy":"product_cat","embeddable":true,"href":"https:\/\/www.neuklizejto.cz\/en\/wp-json\/wp\/v2\/product_cat?post=1346"},{"taxonomy":"product_tag","embeddable":true,"href":"https:\/\/www.neuklizejto.cz\/en\/wp-json\/wp\/v2\/product_tag?post=1346"}],"curies":[{"name":"wp","href":"https:\/\/api.w.org\/{rel}","templated":true}]}}