{"id":267,"date":"2023-05-14T01:08:55","date_gmt":"2023-05-13T23:08:55","guid":{"rendered":"https:\/\/www.neuklizejto.cz\/?post_type=product&#038;p=267"},"modified":"2024-03-07T23:55:02","modified_gmt":"2024-03-07T22:55:02","slug":"mokre-cisteni-koberce","status":"publish","type":"product","link":"https:\/\/www.neuklizejto.cz\/en\/obchod\/mokre-cisteni-koberce\/","title":{"rendered":"Mokr\u00e9 \u010di\u0161t\u011bn\u00ed koberce"},"content":{"rendered":"<p>Mokr\u00e9 \u010di\u0161t\u011bn\u00ed koberc\u016f &#8211; kusov\u00e9 i polo\u017een\u00e9. Cena na m2.<\/p>\n<p>Nejprve koberce vys\u00e1v\u00e1me Vorwerkem, pak jsou \u010di\u0161t\u011bny extraktorem Karcher a nakonec nanesena desodorace.<\/p>","protected":false},"excerpt":{"rendered":"<p>za m2<\/p>","protected":false},"featured_media":2317,"template":"","meta":{"om_disable_all_campaigns":false,"_monsterinsights_skip_tracking":false,"_monsterinsights_sitenote_active":false,"_monsterinsights_sitenote_note":"","_monsterinsights_sitenote_category":0,"_uf_show_specific_survey":0,"_uf_disable_surveys":false},"product_brand":[],"product_cat":[23],"product_tag":[],"class_list":{"0":"post-267","1":"product","2":"type-product","3":"status-publish","4":"has-post-thumbnail","6":"product_cat-cisteni-koberce","8":"first","9":"instock","10":"taxable","11":"shipping-taxable","12":"purchasable","13":"product-type-simple"},"aioseo_notices":[],"_links":{"self":[{"href":"https:\/\/www.neuklizejto.cz\/en\/wp-json\/wp\/v2\/product\/267","targetHints":{"allow":["GET"]}}],"collection":[{"href":"https:\/\/www.neuklizejto.cz\/en\/wp-json\/wp\/v2\/product"}],"about":[{"href":"https:\/\/www.neuklizejto.cz\/en\/wp-json\/wp\/v2\/types\/product"}],"wp:featuredmedia":[{"embeddable":true,"href":"https:\/\/www.neuklizejto.cz\/en\/wp-json\/wp\/v2\/media\/2317"}],"wp:attachment":[{"href":"https:\/\/www.neuklizejto.cz\/en\/wp-json\/wp\/v2\/media?parent=267"}],"wp:term":[{"taxonomy":"product_brand","embeddable":true,"href":"https:\/\/www.neuklizejto.cz\/en\/wp-json\/wp\/v2\/product_brand?post=267"},{"taxonomy":"product_cat","embeddable":true,"href":"https:\/\/www.neuklizejto.cz\/en\/wp-json\/wp\/v2\/product_cat?post=267"},{"taxonomy":"product_tag","embeddable":true,"href":"https:\/\/www.neuklizejto.cz\/en\/wp-json\/wp\/v2\/product_tag?post=267"}],"curies":[{"name":"wp","href":"https:\/\/api.w.org\/{rel}","templated":true}]}}