{"id":2746,"date":"2024-07-17T12:34:30","date_gmt":"2024-07-17T10:34:30","guid":{"rendered":"https:\/\/www.neuklizejto.cz\/?post_type=product&#038;p=2746"},"modified":"2025-01-07T10:44:24","modified_gmt":"2025-01-07T09:44:24","slug":"malovani-bila","status":"publish","type":"product","link":"https:\/\/www.neuklizejto.cz\/en\/obchod\/malovani-bila\/","title":{"rendered":"Malov\u00e1n\u00ed &#8211; b\u00edl\u00e1"},"content":{"rendered":"","protected":false},"excerpt":{"rendered":"","protected":false},"featured_media":0,"template":"","meta":{"om_disable_all_campaigns":false,"_monsterinsights_skip_tracking":false,"_monsterinsights_sitenote_active":false,"_monsterinsights_sitenote_note":"","_monsterinsights_sitenote_category":0,"_uf_show_specific_survey":0,"_uf_disable_surveys":false},"product_brand":[],"product_cat":[15],"product_tag":[],"class_list":{"0":"post-2746","1":"product","2":"type-product","3":"status-publish","5":"product_cat-nezarazene","7":"first","8":"instock","9":"taxable","10":"shipping-taxable","11":"purchasable","12":"product-type-simple"},"aioseo_notices":[],"_links":{"self":[{"href":"https:\/\/www.neuklizejto.cz\/en\/wp-json\/wp\/v2\/product\/2746","targetHints":{"allow":["GET"]}}],"collection":[{"href":"https:\/\/www.neuklizejto.cz\/en\/wp-json\/wp\/v2\/product"}],"about":[{"href":"https:\/\/www.neuklizejto.cz\/en\/wp-json\/wp\/v2\/types\/product"}],"wp:attachment":[{"href":"https:\/\/www.neuklizejto.cz\/en\/wp-json\/wp\/v2\/media?parent=2746"}],"wp:term":[{"taxonomy":"product_brand","embeddable":true,"href":"https:\/\/www.neuklizejto.cz\/en\/wp-json\/wp\/v2\/product_brand?post=2746"},{"taxonomy":"product_cat","embeddable":true,"href":"https:\/\/www.neuklizejto.cz\/en\/wp-json\/wp\/v2\/product_cat?post=2746"},{"taxonomy":"product_tag","embeddable":true,"href":"https:\/\/www.neuklizejto.cz\/en\/wp-json\/wp\/v2\/product_tag?post=2746"}],"curies":[{"name":"wp","href":"https:\/\/api.w.org\/{rel}","templated":true}]}}