{"id":2908,"date":"2024-10-30T21:21:56","date_gmt":"2024-10-30T20:21:56","guid":{"rendered":"https:\/\/www.neuklizejto.cz\/?post_type=product&#038;p=2908"},"modified":"2025-01-07T10:44:24","modified_gmt":"2025-01-07T09:44:24","slug":"darkovy-poukaz","status":"publish","type":"product","link":"https:\/\/www.neuklizejto.cz\/en\/obchod\/darkovy-poukaz\/","title":{"rendered":"D\u00e1rkov\u00fd poukaz"},"content":{"rendered":"<p>Vyberte \u010d\u00e1stku <br \/>a darujte \ud83c\udf81 \u2013 \u010das \ud83d\udd50 a \u010dist\u00fd domov \ud83c\udfe0!<br \/>\n<br \/>D\u00e1rkov\u00fd poukaz na profesion\u00e1ln\u00ed \u00faklidov\u00e9 slu\u017eby je ide\u00e1ln\u00edm d\u00e1rkem pro ka\u017ed\u00e9ho, kdo si zaslou\u017e\u00ed odpo\u010dinek v dokonale uklizen\u00e9m domovu. Bez ohledu na to, zda se jedn\u00e1 o pravideln\u00fd \u00faklid, myt\u00ed oken, \u010di\u0161t\u011bn\u00ed koberc\u016f, jednor\u00e1zov\u00fd gener\u00e1ln\u00ed \u00faklid, nebo d\u016fkladn\u00fd gener\u00e1ln\u00ed \u00faklid po rekonstrukci \u010di st\u011bhov\u00e1n\u00ed, n\u00e1\u0161 poukaz p\u0159in\u00e1\u0161\u00ed radost z dokonale \u010dist\u00e9ho domova.<\/p>\n<p>Pros\u00edm do pozn\u00e1mky uve\u010fte, zda chcete napsat \u010d\u00e1stku na kup\u00f3n nebo konkr\u00e9tn\u00ed \u010dinnost nap\u0159. myt\u00ed oken v cel\u00e9m dom\u011b, \u010di\u0161t\u011bn\u00ed seda\u010dky atd.<\/p>","protected":false},"excerpt":{"rendered":"<p>Vyberte \u010d\u00e1stku a darujte \ud83c\udf81 \u2013 \u010das \ud83d\udd50 a \u010dist\u00fd domov \ud83c\udfe0! D\u00e1rkov\u00fd poukaz na profesion\u00e1ln\u00ed \u00faklidov\u00e9 slu\u017eby je ide\u00e1ln\u00edm d\u00e1rkem pro ka\u017ed\u00e9ho, kdo si zaslou\u017e\u00ed odpo\u010dinek v dokonale uklizen\u00e9m domovu. Bez ohledu na to, zda se jedn\u00e1 o pravideln\u00fd \u00faklid, myt\u00ed oken, \u010di\u0161t\u011bn\u00ed koberc\u016f, jednor\u00e1zov\u00fd gener\u00e1ln\u00ed \u00faklid, nebo d\u016fkladn\u00fd gener\u00e1ln\u00ed \u00faklid po rekonstrukci \u010di [&hellip;]<\/p>\n","protected":false},"featured_media":2909,"template":"","meta":{"om_disable_all_campaigns":false,"_monsterinsights_skip_tracking":false,"_monsterinsights_sitenote_active":false,"_monsterinsights_sitenote_note":"","_monsterinsights_sitenote_category":0,"_uf_show_specific_survey":0,"_uf_disable_surveys":false},"product_brand":[],"product_cat":[15],"product_tag":[],"class_list":{"0":"post-2908","1":"product","2":"type-product","3":"status-publish","4":"has-post-thumbnail","6":"product_cat-nezarazene","7":"product_shipping_class-bez-dopravy","9":"first","10":"instock","11":"virtual","12":"taxable","13":"purchasable","14":"product-type-simple"},"aioseo_notices":[],"_links":{"self":[{"href":"https:\/\/www.neuklizejto.cz\/en\/wp-json\/wp\/v2\/product\/2908","targetHints":{"allow":["GET"]}}],"collection":[{"href":"https:\/\/www.neuklizejto.cz\/en\/wp-json\/wp\/v2\/product"}],"about":[{"href":"https:\/\/www.neuklizejto.cz\/en\/wp-json\/wp\/v2\/types\/product"}],"wp:featuredmedia":[{"embeddable":true,"href":"https:\/\/www.neuklizejto.cz\/en\/wp-json\/wp\/v2\/media\/2909"}],"wp:attachment":[{"href":"https:\/\/www.neuklizejto.cz\/en\/wp-json\/wp\/v2\/media?parent=2908"}],"wp:term":[{"taxonomy":"product_brand","embeddable":true,"href":"https:\/\/www.neuklizejto.cz\/en\/wp-json\/wp\/v2\/product_brand?post=2908"},{"taxonomy":"product_cat","embeddable":true,"href":"https:\/\/www.neuklizejto.cz\/en\/wp-json\/wp\/v2\/product_cat?post=2908"},{"taxonomy":"product_tag","embeddable":true,"href":"https:\/\/www.neuklizejto.cz\/en\/wp-json\/wp\/v2\/product_tag?post=2908"}],"curies":[{"name":"wp","href":"https:\/\/api.w.org\/{rel}","templated":true}]}}