{"id":3041,"date":"2025-01-07T10:46:00","date_gmt":"2025-01-07T09:46:00","guid":{"rendered":"https:\/\/www.neuklizejto.cz\/?post_type=product&#038;p=3041"},"modified":"2025-01-07T10:46:37","modified_gmt":"2025-01-07T09:46:37","slug":"generalni-uklid-po-stavbe-malovani","status":"publish","type":"product","link":"https:\/\/www.neuklizejto.cz\/en\/obchod\/generalni-uklid-po-stavbe-malovani\/","title":{"rendered":"Gener\u00e1ln\u00ed \u00faklid po stavb\u011b\/malov\u00e1n\u00ed"},"content":{"rendered":"<p>Gener\u00e1ln\u00ed \u00faklid \u2013 Sez\u00f3nn\u00ed p\u00e9\u010de o v\u00e1\u0161 domov <\/p>\n<p>Pot\u0159ebuje v\u00e1\u0161 domov osv\u011b\u017een\u00ed a hloubkov\u00fd \u00faklid? Gener\u00e1ln\u00ed \u00faklid je ide\u00e1ln\u00edm \u0159e\u0161en\u00edm, a\u0165 u\u017e jde o sez\u00f3nn\u00ed \u010di\u0161t\u011bn\u00ed p\u0159ed sv\u00e1tky, jarn\u00ed \u00faklid nebo d\u016fkladnou p\u00e9\u010di po n\u00e1ro\u010dn\u00e9m obdob\u00ed. Na\u0161e profesion\u00e1ln\u00ed slu\u017eby v\u00e1m zajist\u00ed z\u00e1\u0159ivou \u010distotu ve v\u0161ech koutech dom\u00e1cnosti nebo kancel\u00e1\u0159e. <\/p>\n<p>\ud83e\uddf9 Co zahrnuje gener\u00e1ln\u00ed \u00faklid? <\/p>\n<p>Detailn\u00ed \u00faklid kuchyn\u011b a koupelny, v\u010detn\u011b v\u0161ech povrch\u016f a spot\u0159ebi\u010d\u016f <br \/>\nOdstran\u011bn\u00ed prachu, skvrn a ne\u010distot i na h\u016f\u0159e dostupn\u00fdch m\u00edstech <\/p>\n<p>\ud83c\udf1e <br \/> Pro\u010d si zvolit gener\u00e1ln\u00ed \u00faklid? <\/p>\n<p> Gener\u00e1ln\u00ed \u00faklid v\u00e1m p\u0159inese \u010dist\u00fd a sv\u011b\u017e\u00ed domov, ve kter\u00e9m se budete c\u00edtit p\u0159\u00edjemn\u011b a pohodln\u011b. S na\u0161\u00edm t\u00fdmem odborn\u00edk\u016f m\u00e1te jistotu, \u017ee v\u0161e bude pe\u010dliv\u011b uklizeno, od podlah a\u017e po strop, a v\u00e1\u0161 domov dostane nov\u00fd lesk a sv\u011b\u017eest. <\/p>\n<p>Uvoln\u011bte se a nechte n\u00e1s postarat se o v\u0161e, co v\u00e1\u0161 domov pot\u0159ebuje k dokonal\u00e9 \u010distot\u011b!<\/p>","protected":false},"excerpt":{"rendered":"<p>Gener\u00e1ln\u00ed \u00faklid \u2013 Sez\u00f3nn\u00ed p\u00e9\u010de o v\u00e1\u0161 domov Pot\u0159ebuje v\u00e1\u0161 domov osv\u011b\u017een\u00ed a hloubkov\u00fd \u00faklid? Gener\u00e1ln\u00ed \u00faklid je ide\u00e1ln\u00edm \u0159e\u0161en\u00edm, a\u0165 u\u017e jde o sez\u00f3nn\u00ed \u010di\u0161t\u011bn\u00ed p\u0159ed sv\u00e1tky, jarn\u00ed \u00faklid nebo d\u016fkladnou p\u00e9\u010di po n\u00e1ro\u010dn\u00e9m obdob\u00ed. Na\u0161e profesion\u00e1ln\u00ed slu\u017eby v\u00e1m zajist\u00ed z\u00e1\u0159ivou \u010distotu ve v\u0161ech koutech dom\u00e1cnosti nebo kancel\u00e1\u0159e. \ud83e\uddf9 Co zahrnuje gener\u00e1ln\u00ed \u00faklid? Detailn\u00ed [&hellip;]<\/p>\n","protected":false},"featured_media":2253,"template":"","meta":{"om_disable_all_campaigns":false,"_monsterinsights_skip_tracking":false,"_monsterinsights_sitenote_active":false,"_monsterinsights_sitenote_note":"","_monsterinsights_sitenote_category":0,"_uf_show_specific_survey":0,"_uf_disable_surveys":false},"product_brand":[],"product_cat":[25],"product_tag":[],"class_list":{"0":"post-3041","1":"product","2":"type-product","3":"status-publish","4":"has-post-thumbnail","6":"product_cat-generalni-uklid","8":"first","9":"instock","10":"taxable","11":"shipping-taxable","12":"purchasable","13":"product-type-simple"},"aioseo_notices":[],"_links":{"self":[{"href":"https:\/\/www.neuklizejto.cz\/en\/wp-json\/wp\/v2\/product\/3041","targetHints":{"allow":["GET"]}}],"collection":[{"href":"https:\/\/www.neuklizejto.cz\/en\/wp-json\/wp\/v2\/product"}],"about":[{"href":"https:\/\/www.neuklizejto.cz\/en\/wp-json\/wp\/v2\/types\/product"}],"wp:featuredmedia":[{"embeddable":true,"href":"https:\/\/www.neuklizejto.cz\/en\/wp-json\/wp\/v2\/media\/2253"}],"wp:attachment":[{"href":"https:\/\/www.neuklizejto.cz\/en\/wp-json\/wp\/v2\/media?parent=3041"}],"wp:term":[{"taxonomy":"product_brand","embeddable":true,"href":"https:\/\/www.neuklizejto.cz\/en\/wp-json\/wp\/v2\/product_brand?post=3041"},{"taxonomy":"product_cat","embeddable":true,"href":"https:\/\/www.neuklizejto.cz\/en\/wp-json\/wp\/v2\/product_cat?post=3041"},{"taxonomy":"product_tag","embeddable":true,"href":"https:\/\/www.neuklizejto.cz\/en\/wp-json\/wp\/v2\/product_tag?post=3041"}],"curies":[{"name":"wp","href":"https:\/\/api.w.org\/{rel}","templated":true}]}}