{"id":657,"date":"2023-05-24T14:16:08","date_gmt":"2023-05-24T12:16:08","guid":{"rendered":"https:\/\/www.neuklizejto.cz\/?post_type=product&#038;p=657"},"modified":"2025-01-07T10:44:25","modified_gmt":"2025-01-07T09:44:25","slug":"mokre-cisteni-kusovych-kobercu-v-externi-cistirne-3","status":"publish","type":"product","link":"https:\/\/www.neuklizejto.cz\/en\/obchod\/mokre-cisteni-kusovych-kobercu-v-externi-cistirne-3\/","title":{"rendered":"Mokr\u00e9 \u010di\u0161t\u011bn\u00ed kusov\u00fdch koberc\u016f &#8211; v extern\u00ed \u010dist\u00edrn\u011b"},"content":{"rendered":"","protected":false},"excerpt":{"rendered":"","protected":false},"featured_media":2318,"template":"","meta":{"om_disable_all_campaigns":false,"_monsterinsights_skip_tracking":false,"_monsterinsights_sitenote_active":false,"_monsterinsights_sitenote_note":"","_monsterinsights_sitenote_category":0,"_uf_show_specific_survey":0,"_uf_disable_surveys":false},"product_brand":[],"product_cat":[23],"product_tag":[],"class_list":{"0":"post-657","1":"product","2":"type-product","3":"status-publish","4":"has-post-thumbnail","6":"product_cat-cisteni-koberce","8":"first","9":"instock","10":"taxable","11":"shipping-taxable","12":"purchasable","13":"product-type-simple"},"aioseo_notices":[],"_links":{"self":[{"href":"https:\/\/www.neuklizejto.cz\/en\/wp-json\/wp\/v2\/product\/657","targetHints":{"allow":["GET"]}}],"collection":[{"href":"https:\/\/www.neuklizejto.cz\/en\/wp-json\/wp\/v2\/product"}],"about":[{"href":"https:\/\/www.neuklizejto.cz\/en\/wp-json\/wp\/v2\/types\/product"}],"wp:featuredmedia":[{"embeddable":true,"href":"https:\/\/www.neuklizejto.cz\/en\/wp-json\/wp\/v2\/media\/2318"}],"wp:attachment":[{"href":"https:\/\/www.neuklizejto.cz\/en\/wp-json\/wp\/v2\/media?parent=657"}],"wp:term":[{"taxonomy":"product_brand","embeddable":true,"href":"https:\/\/www.neuklizejto.cz\/en\/wp-json\/wp\/v2\/product_brand?post=657"},{"taxonomy":"product_cat","embeddable":true,"href":"https:\/\/www.neuklizejto.cz\/en\/wp-json\/wp\/v2\/product_cat?post=657"},{"taxonomy":"product_tag","embeddable":true,"href":"https:\/\/www.neuklizejto.cz\/en\/wp-json\/wp\/v2\/product_tag?post=657"}],"curies":[{"name":"wp","href":"https:\/\/api.w.org\/{rel}","templated":true}]}}