{"id":683,"date":"2023-05-24T14:16:09","date_gmt":"2023-05-24T12:16:09","guid":{"rendered":"https:\/\/www.neuklizejto.cz\/?post_type=product&#038;p=683"},"modified":"2025-01-07T10:44:25","modified_gmt":"2025-01-07T09:44:25","slug":"myti-oken-stredni-okno-3","status":"publish","type":"product","link":"https:\/\/www.neuklizejto.cz\/en\/obchod\/myti-oken-stredni-okno-3\/","title":{"rendered":"Washing windows - medium sized window"},"content":{"rendered":"<p>Obvykl\u00e9 okno.<br \/>\nDo 1,5 m2.<\/p>\n<p>Dop\u0159ejte sv\u00e9mu domovu nebo kancel\u00e1\u0159i nov\u00fd n\u00e1dech d\u00edky dokonale \u010dist\u00fdm okn\u016fm! Na\u0161e profesion\u00e1ln\u00ed myt\u00ed oken zaji\u0161\u0165uje \u010distotu a odstran\u011bn\u00ed ve\u0161ker\u00fdch ne\u010distot, prachu \u010di otisk\u016f. D\u00edky na\u0161im odborn\u00fdm postup\u016fm a vysoce kvalitn\u00edm prost\u0159edk\u016fm se postar\u00e1me o to, aby va\u0161e okna z\u016fstala \u010dist\u00e1 co nejd\u00e9le.<\/p>\n<p>\ud83c\udf1f Co v\u00e1m myt\u00ed oken p\u0159inese?<\/p>\n<p>Perfektn\u00ed v\u00fdhled bez \u0161mouh a skvrn<\/p>\n<p>Odstran\u011bn\u00ed mastnoty, pylu a dal\u0161\u00edch ne\u010distot<\/p>\n<p>Profesion\u00e1ln\u00ed p\u00e9\u010di s dlouhotrvaj\u00edc\u00edm efektem<\/p>\n<p>Mo\u017enost objednat myt\u00ed i pro t\u011b\u017eko dostupn\u00e1 okna<\/p>\n<p>\ud83d\udca7 Pro\u010d si vybrat n\u00e1s? <\/p>\n<p> Na\u0161i pracovn\u00edce\/ci maj\u00ed zku\u0161enosti, kter\u00e9 garantuj\u00ed rychl\u00e9 a bezpe\u010dn\u00e9 proveden\u00ed myt\u00ed. Pou\u017e\u00edv\u00e1me \u00fa\u010dinn\u00e9 prost\u0159edky, kter\u00e9 nezat\u011b\u017euj\u00ed \u017eivotn\u00ed prost\u0159ed\u00ed, a modern\u00ed techniky, aby byla ka\u017ed\u00e1 sklen\u011bn\u00e1 plocha jako nov\u00e1.<\/p>\n<p>Dop\u0159ejte si v\u00fdhled, kter\u00fd v\u00e1s pot\u011b\u0161\u00ed ka\u017ed\u00fd den, a zbavte se starost\u00ed s n\u00e1ro\u010dn\u00fdm myt\u00edm oken!<\/p>","protected":false},"excerpt":{"rendered":"<p>Obvykl\u00e9 okno.<br \/>\nDo 1,5 m2.<\/p>","protected":false},"featured_media":296,"template":"","meta":{"om_disable_all_campaigns":false,"_monsterinsights_skip_tracking":false,"_monsterinsights_sitenote_active":false,"_monsterinsights_sitenote_note":"","_monsterinsights_sitenote_category":0,"_uf_show_specific_survey":0,"_uf_disable_surveys":false},"product_brand":[],"product_cat":[40],"product_tag":[],"class_list":{"0":"post-683","1":"product","2":"type-product","3":"status-publish","4":"has-post-thumbnail","6":"product_cat-myti-oken-varianty","8":"first","9":"instock","10":"taxable","11":"shipping-taxable","12":"purchasable","13":"product-type-variable","14":"has-default-attributes"},"aioseo_notices":[],"_links":{"self":[{"href":"https:\/\/www.neuklizejto.cz\/en\/wp-json\/wp\/v2\/product\/683","targetHints":{"allow":["GET"]}}],"collection":[{"href":"https:\/\/www.neuklizejto.cz\/en\/wp-json\/wp\/v2\/product"}],"about":[{"href":"https:\/\/www.neuklizejto.cz\/en\/wp-json\/wp\/v2\/types\/product"}],"wp:featuredmedia":[{"embeddable":true,"href":"https:\/\/www.neuklizejto.cz\/en\/wp-json\/wp\/v2\/media\/296"}],"wp:attachment":[{"href":"https:\/\/www.neuklizejto.cz\/en\/wp-json\/wp\/v2\/media?parent=683"}],"wp:term":[{"taxonomy":"product_brand","embeddable":true,"href":"https:\/\/www.neuklizejto.cz\/en\/wp-json\/wp\/v2\/product_brand?post=683"},{"taxonomy":"product_cat","embeddable":true,"href":"https:\/\/www.neuklizejto.cz\/en\/wp-json\/wp\/v2\/product_cat?post=683"},{"taxonomy":"product_tag","embeddable":true,"href":"https:\/\/www.neuklizejto.cz\/en\/wp-json\/wp\/v2\/product_tag?post=683"}],"curies":[{"name":"wp","href":"https:\/\/api.w.org\/{rel}","templated":true}]}}